{"id":3487,"date":"2021-02-24T17:11:27","date_gmt":"2021-02-24T17:11:27","guid":{"rendered":"https:\/\/www.fishtank.francoiskaisin.com\/?page_id=3487"},"modified":"2021-07-22T17:04:13","modified_gmt":"2021-07-22T15:04:13","slug":"tool-sample-1","status":"publish","type":"page","link":"https:\/\/www.fishtankcoaching.com\/fr\/tool-sample-1\/","title":{"rendered":"Tool sample 1"},"content":{"rendered":"<div data-elementor-type=\"wp-page\" data-elementor-id=\"3487\" class=\"elementor elementor-3487\" data-elementor-post-type=\"page\">\n\t\t\t\t\t\t<section class=\"elementor-section elementor-top-section elementor-element elementor-element-4e07fd18 elementor-section-full_width elementor-section-height-min-height elementor-section-height-default elementor-section-items-middle\" data-id=\"4e07fd18\" data-element_type=\"section\" data-e-type=\"section\" data-settings=\"{&quot;background_background&quot;:&quot;classic&quot;}\">\n\t\t\t\t\t\t<div class=\"elementor-container elementor-column-gap-default\">\n\t\t\t\t\t<div class=\"elementor-column elementor-col-100 elementor-top-column elementor-element elementor-element-6a8e7b60\" data-id=\"6a8e7b60\" data-element_type=\"column\" data-e-type=\"column\">\n\t\t\t<div class=\"elementor-widget-wrap elementor-element-populated\">\n\t\t\t\t\t\t<div class=\"elementor-element elementor-element-68a4fa8d elementor-widget elementor-widget-heading\" data-id=\"68a4fa8d\" data-element_type=\"widget\" data-e-type=\"widget\" data-widget_type=\"heading.default\">\n\t\t\t\t<div class=\"elementor-widget-container\">\n\t\t\t\t\t<h2 class=\"elementor-heading-title elementor-size-default\">JE ME FIXE UN OBJECTIF<\/h2>\t\t\t\t<\/div>\n\t\t\t\t<\/div>\n\t\t\t\t<section class=\"elementor-section elementor-inner-section elementor-element elementor-element-14c2b882 elementor-section-full_width elementor-section-height-min-height elementor-reverse-mobile elementor-section-height-default\" data-id=\"14c2b882\" data-element_type=\"section\" data-e-type=\"section\">\n\t\t\t\t\t\t<div class=\"elementor-container elementor-column-gap-default\">\n\t\t\t\t\t<div class=\"elementor-column elementor-col-50 elementor-inner-column elementor-element elementor-element-68bdb115\" data-id=\"68bdb115\" data-element_type=\"column\" data-e-type=\"column\">\n\t\t\t<div class=\"elementor-widget-wrap elementor-element-populated\">\n\t\t\t\t\t\t<div class=\"elementor-element elementor-element-51cf0310 elementor-widget elementor-widget-image\" data-id=\"51cf0310\" data-element_type=\"widget\" data-e-type=\"widget\" data-widget_type=\"image.default\">\n\t\t\t\t<div class=\"elementor-widget-container\">\n\t\t\t\t\t\t\t\t\t\t\t\t\t\t\t<img fetchpriority=\"high\" decoding=\"async\" width=\"1280\" height=\"800\" src=\"https:\/\/www.fishtankcoaching.com\/wp-content\/uploads\/2020\/12\/292-02.jpg\" class=\"attachment-full size-full wp-image-1073\" alt=\"\" srcset=\"https:\/\/www.fishtankcoaching.com\/wp-content\/uploads\/2020\/12\/292-02.jpg 1280w, https:\/\/www.fishtankcoaching.com\/wp-content\/uploads\/2020\/12\/292-02-300x188.jpg 300w, https:\/\/www.fishtankcoaching.com\/wp-content\/uploads\/2020\/12\/292-02-1024x640.jpg 1024w, https:\/\/www.fishtankcoaching.com\/wp-content\/uploads\/2020\/12\/292-02-768x480.jpg 768w, https:\/\/www.fishtankcoaching.com\/wp-content\/uploads\/2020\/12\/292-02-600x375.jpg 600w\" sizes=\"(max-width: 1280px) 100vw, 1280px\" \/>\t\t\t\t\t\t\t\t\t\t\t\t\t\t\t<\/div>\n\t\t\t\t<\/div>\n\t\t\t\t<div class=\"elementor-element elementor-element-40920729 elementor-widget elementor-widget-text-editor\" data-id=\"40920729\" data-element_type=\"widget\" data-e-type=\"widget\" data-widget_type=\"text-editor.default\">\n\t\t\t\t<div class=\"elementor-widget-container\">\n\t\t\t\t\t\t\t\t\t<p><strong>Exemple : <\/strong><\/p><p>\u00c9crire un article pour mon blog et l'offrir gratuitement \u00e0 mes abonn\u00e9s afin d'augmenter le nombre de visites de 10 % d'ici la fin du mois.\u00a0<\/p>\t\t\t\t\t\t\t\t<\/div>\n\t\t\t\t<\/div>\n\t\t\t\t<div class=\"elementor-element elementor-element-157aaaa7 stax-condition-yes stax-user_role_enabled-yes elementor-widget elementor-widget-wp-widget-media_audio\" data-id=\"157aaaa7\" data-element_type=\"widget\" data-e-type=\"widget\" data-no-translation=\"\" data-widget_type=\"wp-widget-media_audio.default\">\n\t\t\t\t<div class=\"elementor-widget-container\">\n\t\t\t\t\t<style>.elementor-element-157aaaa7{display:none !important}<\/style>\t\t\t\t<\/div>\n\t\t\t\t<\/div>\n\t\t\t\t\t<\/div>\n\t\t<\/div>\n\t\t\t\t<div class=\"elementor-column elementor-col-50 elementor-inner-column elementor-element elementor-element-6832b798\" data-id=\"6832b798\" data-element_type=\"column\" data-e-type=\"column\">\n\t\t\t<div class=\"elementor-widget-wrap elementor-element-populated\">\n\t\t\t\t\t\t<div class=\"elementor-element elementor-element-27704f0a elementor-widget elementor-widget-heading\" data-id=\"27704f0a\" data-element_type=\"widget\" data-e-type=\"widget\" data-widget_type=\"heading.default\">\n\t\t\t\t<div class=\"elementor-widget-container\">\n\t\t\t\t\t<h2 class=\"elementor-heading-title elementor-size-default\">Connaissez-vous les objectifs SMART ?<\/h2>\t\t\t\t<\/div>\n\t\t\t\t<\/div>\n\t\t\t\t<div class=\"elementor-element elementor-element-5b5b5ee6 elementor-widget elementor-widget-text-editor\" data-id=\"5b5b5ee6\" data-element_type=\"widget\" data-e-type=\"widget\" data-widget_type=\"text-editor.default\">\n\t\t\t\t<div class=\"elementor-widget-container\">\n\t\t\t\t\t\t\t\t\t<p>Nous nous fixons sans cesse des objectifs pour r\u00e9aliser quelque chose que nous d\u00e9sirons, qui nous aidera \u00e0 nous d\u00e9velopper sur le plan personnel ou professionnel.\u00a0<\/p><p>La cr\u00e9ation d'objectifs SMART peut nous aider \u00e0 fixer des buts sp\u00e9cifiques pour mesurer nos progr\u00e8s, afin que nous puissions comprendre nos petites r\u00e9alisations et les ressources que nous avons utilis\u00e9es pour y parvenir.<\/p><p>Fixer des objectifs SMART, c'est penser \u00e0 des objectifs qui pr\u00e9sentent toutes ces caract\u00e9ristiques. C'est me donner le temps et l'espace pour r\u00e9fl\u00e9chir clairement \u00e0 ce que je veux atteindre, \u00eatre r\u00e9aliste, fixer une limite ou une \u00e9ch\u00e9ance et \u00e9tablir mes propres indicateurs pour mesurer mes avancements.<\/p>\t\t\t\t\t\t\t\t<\/div>\n\t\t\t\t<\/div>\n\t\t\t\t<div class=\"elementor-element elementor-element-43d88ab8 elementor-widget elementor-widget-heading\" data-id=\"43d88ab8\" data-element_type=\"widget\" data-e-type=\"widget\" data-widget_type=\"heading.default\">\n\t\t\t\t<div class=\"elementor-widget-container\">\n\t\t\t\t\t<h2 class=\"elementor-heading-title elementor-size-default\">Vous \u00eates-vous donn\u00e9 le temps de construire un bon objectif ?<\/h2>\t\t\t\t<\/div>\n\t\t\t\t<\/div>\n\t\t\t\t\t<\/div>\n\t\t<\/div>\n\t\t\t\t\t<\/div>\n\t\t<\/section>\n\t\t\t\t<section class=\"elementor-section elementor-inner-section elementor-element elementor-element-6898f1c2 elementor-section-full_width elementor-section-height-default elementor-section-height-default\" data-id=\"6898f1c2\" data-element_type=\"section\" data-e-type=\"section\">\n\t\t\t\t\t\t<div class=\"elementor-container elementor-column-gap-default\">\n\t\t\t\t\t<div class=\"elementor-column elementor-col-50 elementor-inner-column elementor-element elementor-element-29751051\" data-id=\"29751051\" data-element_type=\"column\" data-e-type=\"column\">\n\t\t\t<div class=\"elementor-widget-wrap elementor-element-populated\">\n\t\t\t\t\t\t<div class=\"elementor-element elementor-element-1e0af83 elementor-nav-menu__align-start elementor-nav-menu--dropdown-none elementor-widget elementor-widget-nav-menu\" data-id=\"1e0af83\" data-element_type=\"widget\" data-e-type=\"widget\" data-settings=\"{&quot;layout&quot;:&quot;horizontal&quot;,&quot;submenu_icon&quot;:{&quot;value&quot;:&quot;&lt;i class=\\&quot;fas fa-caret-down\\&quot; aria-hidden=\\&quot;true\\&quot;&gt;&lt;\\\/i&gt;&quot;,&quot;library&quot;:&quot;fa-solid&quot;}}\" data-widget_type=\"nav-menu.default\">\n\t\t\t\t<div class=\"elementor-widget-container\">\n\t\t\t\t\t\t\t\t<nav aria-label=\"Menu\" class=\"elementor-nav-menu--main elementor-nav-menu__container elementor-nav-menu--layout-horizontal e--pointer-none\">\n\t\t\t\t<ul id=\"menu-1-1e0af83\" class=\"elementor-nav-menu\"><li class=\"menu-item menu-item-type-custom menu-item-object-custom menu-item-97\"><a href=\"https:\/\/morenacoaching.com\" class=\"elementor-item\">Morena Coaching International<\/a><\/li>\n<li class=\"menu-item menu-item-type-post_type menu-item-object-page menu-item-94\"><a href=\"https:\/\/www.fishtankcoaching.com\/fr\/testimonial\/\" class=\"elementor-item\">T\u00e9moignages<\/a><\/li>\n<li class=\"menu-item menu-item-type-post_type menu-item-object-page menu-item-95\"><a href=\"https:\/\/www.fishtankcoaching.com\/fr\/contact\/\" class=\"elementor-item\">Contact<\/a><\/li>\n<li class=\"menu-item menu-item-type-post_type menu-item-object-page menu-item-1458\"><a href=\"https:\/\/www.fishtankcoaching.com\/fr\/legal-notice\/\" class=\"elementor-item\">Mentions l\u00e9gales<\/a><\/li>\n<\/ul>\t\t\t<\/nav>\n\t\t\t\t\t\t<nav class=\"elementor-nav-menu--dropdown elementor-nav-menu__container\" aria-hidden=\"true\">\n\t\t\t\t<ul id=\"menu-2-1e0af83\" class=\"elementor-nav-menu\"><li class=\"menu-item menu-item-type-custom menu-item-object-custom menu-item-97\"><a href=\"https:\/\/morenacoaching.com\" class=\"elementor-item\" tabindex=\"-1\">Morena Coaching International<\/a><\/li>\n<li class=\"menu-item menu-item-type-post_type menu-item-object-page menu-item-94\"><a href=\"https:\/\/www.fishtankcoaching.com\/fr\/testimonial\/\" class=\"elementor-item\" tabindex=\"-1\">T\u00e9moignages<\/a><\/li>\n<li class=\"menu-item menu-item-type-post_type menu-item-object-page menu-item-95\"><a href=\"https:\/\/www.fishtankcoaching.com\/fr\/contact\/\" class=\"elementor-item\" tabindex=\"-1\">Contact<\/a><\/li>\n<li class=\"menu-item menu-item-type-post_type menu-item-object-page menu-item-1458\"><a href=\"https:\/\/www.fishtankcoaching.com\/fr\/legal-notice\/\" class=\"elementor-item\" tabindex=\"-1\">Mentions l\u00e9gales<\/a><\/li>\n<\/ul>\t\t\t<\/nav>\n\t\t\t\t\t\t<\/div>\n\t\t\t\t<\/div>\n\t\t\t\t\t<\/div>\n\t\t<\/div>\n\t\t\t\t<div class=\"elementor-column elementor-col-50 elementor-inner-column elementor-element elementor-element-2309998f\" data-id=\"2309998f\" data-element_type=\"column\" data-e-type=\"column\">\n\t\t\t<div class=\"elementor-widget-wrap elementor-element-populated\">\n\t\t\t\t\t\t<div class=\"elementor-element elementor-element-34fee821 elementor-icon-list--layout-inline elementor-align-end elementor-mobile-align-center elementor-list-item-link-full_width elementor-widget elementor-widget-icon-list\" data-id=\"34fee821\" data-element_type=\"widget\" data-e-type=\"widget\" data-widget_type=\"icon-list.default\">\n\t\t\t\t<div class=\"elementor-widget-container\">\n\t\t\t\t\t\t\t<ul class=\"elementor-icon-list-items elementor-inline-items\">\n\t\t\t\t\t\t\t<li class=\"elementor-icon-list-item elementor-inline-item\">\n\t\t\t\t\t\t\t\t\t\t\t<a href=\"#\">\n\n\t\t\t\t\t\t\t\t\t\t\t<span class=\"elementor-icon-list-text\">FACEBOOK<\/span>\n\t\t\t\t\t\t\t\t\t\t\t<\/a>\n\t\t\t\t\t\t\t\t\t<\/li>\n\t\t\t\t\t\t\t\t<li class=\"elementor-icon-list-item elementor-inline-item\">\n\t\t\t\t\t\t\t\t\t\t\t<a href=\"#\">\n\n\t\t\t\t\t\t\t\t\t\t\t<span class=\"elementor-icon-list-text\">INSTAGRAM<\/span>\n\t\t\t\t\t\t\t\t\t\t\t<\/a>\n\t\t\t\t\t\t\t\t\t<\/li>\n\t\t\t\t\t\t<\/ul>\n\t\t\t\t\t\t<\/div>\n\t\t\t\t<\/div>\n\t\t\t\t\t<\/div>\n\t\t<\/div>\n\t\t\t\t\t<\/div>\n\t\t<\/section>\n\t\t\t\t\t<\/div>\n\t\t<\/div>\n\t\t\t\t\t<\/div>\n\t\t<\/section>\n\t\t\t\t<\/div>","protected":false},"excerpt":{"rendered":"<p>ME PLANTEO UN OBJETIVO Ejemplo: Escribir un art\u00edculo para mi blog y ofrecerlo de manera gratuita a mis suscriptores para aumentar el n\u00famero de visitas en un 10% para el final de este mes.\u00a0 \u00bfHas escuchado de los objetivos SMART? Todo el tiempo estamos plante\u00e1ndonos objetivos para alcanzar algo que anhelamos, que nos ayudar\u00e1 a [&hellip;]<\/p>\n","protected":false},"author":1,"featured_media":0,"parent":0,"menu_order":0,"comment_status":"closed","ping_status":"closed","template":"elementor_header_footer","meta":{"_mo_disable_npp":"","ocean_post_layout":"","ocean_both_sidebars_style":"","ocean_both_sidebars_content_width":0,"ocean_both_sidebars_sidebars_width":0,"ocean_sidebar":"0","ocean_second_sidebar":"0","ocean_disable_margins":"enable","ocean_add_body_class":"","ocean_shortcode_before_top_bar":"","ocean_shortcode_after_top_bar":"","ocean_shortcode_before_header":"","ocean_shortcode_after_header":"","ocean_has_shortcode":"","ocean_shortcode_after_title":"","ocean_shortcode_before_footer_widgets":"","ocean_shortcode_after_footer_widgets":"","ocean_shortcode_before_footer_bottom":"","ocean_shortcode_after_footer_bottom":"","ocean_display_top_bar":"off","ocean_display_header":"default","ocean_header_style":"","ocean_center_header_left_menu":"0","ocean_custom_header_template":"0","ocean_custom_logo":0,"ocean_custom_retina_logo":0,"ocean_custom_logo_max_width":0,"ocean_custom_logo_tablet_max_width":0,"ocean_custom_logo_mobile_max_width":0,"ocean_custom_logo_max_height":0,"ocean_custom_logo_tablet_max_height":0,"ocean_custom_logo_mobile_max_height":0,"ocean_header_custom_menu":"0","ocean_menu_typo_font_family":"0","ocean_menu_typo_font_subset":"","ocean_menu_typo_font_size":0,"ocean_menu_typo_font_size_tablet":0,"ocean_menu_typo_font_size_mobile":0,"ocean_menu_typo_font_size_unit":"px","ocean_menu_typo_font_weight":"","ocean_menu_typo_font_weight_tablet":"","ocean_menu_typo_font_weight_mobile":"","ocean_menu_typo_transform":"","ocean_menu_typo_transform_tablet":"","ocean_menu_typo_transform_mobile":"","ocean_menu_typo_line_height":0,"ocean_menu_typo_line_height_tablet":0,"ocean_menu_typo_line_height_mobile":0,"ocean_menu_typo_line_height_unit":"","ocean_menu_typo_spacing":0,"ocean_menu_typo_spacing_tablet":0,"ocean_menu_typo_spacing_mobile":0,"ocean_menu_typo_spacing_unit":"","ocean_menu_link_color":"","ocean_menu_link_color_hover":"","ocean_menu_link_color_active":"","ocean_menu_link_background":"","ocean_menu_link_hover_background":"","ocean_menu_link_active_background":"","ocean_menu_social_links_bg":"","ocean_menu_social_hover_links_bg":"","ocean_menu_social_links_color":"","ocean_menu_social_hover_links_color":"","ocean_disable_title":"on","ocean_disable_heading":"default","ocean_post_title":"","ocean_post_subheading":"","ocean_post_title_style":"","ocean_post_title_background_color":"","ocean_post_title_background":0,"ocean_post_title_bg_image_position":"","ocean_post_title_bg_image_attachment":"","ocean_post_title_bg_image_repeat":"","ocean_post_title_bg_image_size":"","ocean_post_title_height":0,"ocean_post_title_bg_overlay":0.5,"ocean_post_title_bg_overlay_color":"","ocean_disable_breadcrumbs":"off","ocean_breadcrumbs_color":"","ocean_breadcrumbs_separator_color":"","ocean_breadcrumbs_links_color":"","ocean_breadcrumbs_links_hover_color":"","ocean_display_footer_widgets":"default","ocean_display_footer_bottom":"default","ocean_custom_footer_template":"0","footnotes":""},"class_list":["post-3487","page","type-page","status-publish","hentry","entry"],"yoast_head":"<!-- This site is optimized with the Yoast SEO plugin v26.8 - https:\/\/yoast.com\/product\/yoast-seo-wordpress\/ -->\n<title>Tool sample 1 - Fish Tank<\/title>\n<meta name=\"robots\" content=\"index, follow, max-snippet:-1, max-image-preview:large, max-video-preview:-1\" \/>\n<link rel=\"canonical\" href=\"https:\/\/www.fishtankcoaching.com\/fr\/tool-sample-1\/\" \/>\n<meta property=\"og:locale\" content=\"fr_FR\" \/>\n<meta property=\"og:type\" content=\"article\" \/>\n<meta property=\"og:title\" content=\"Tool sample 1 - Fish Tank\" \/>\n<meta property=\"og:description\" content=\"ME PLANTEO UN OBJETIVO Ejemplo: Escribir un art\u00edculo para mi blog y ofrecerlo de manera gratuita a mis suscriptores para aumentar el n\u00famero de visitas en un 10% para el final de este mes.\u00a0 \u00bfHas escuchado de los objetivos SMART? Todo el tiempo estamos plante\u00e1ndonos objetivos para alcanzar algo que anhelamos, que nos ayudar\u00e1 a [&hellip;]\" \/>\n<meta property=\"og:url\" content=\"https:\/\/www.fishtankcoaching.com\/fr\/tool-sample-1\/\" \/>\n<meta property=\"og:site_name\" content=\"Fish Tank\" \/>\n<meta property=\"article:modified_time\" content=\"2021-07-22T15:04:13+00:00\" \/>\n<meta property=\"og:image\" content=\"https:\/\/www.fishtankcoaching.com\/wp-content\/uploads\/2020\/12\/292-02.jpg\" \/>\n<meta name=\"twitter:card\" content=\"summary_large_image\" \/>\n<meta name=\"twitter:label1\" content=\"Dur\u00e9e de lecture estim\u00e9e\" \/>\n\t<meta name=\"twitter:data1\" content=\"1 minute\" \/>\n<script type=\"application\/ld+json\" class=\"yoast-schema-graph\">{\"@context\":\"https:\/\/schema.org\",\"@graph\":[{\"@type\":\"WebPage\",\"@id\":\"https:\/\/www.fishtankcoaching.com\/fr\/tool-sample-1\/\",\"url\":\"https:\/\/www.fishtankcoaching.com\/fr\/tool-sample-1\/\",\"name\":\"Tool sample 1 - Fish Tank\",\"isPartOf\":{\"@id\":\"https:\/\/www.fishtankcoaching.com\/#website\"},\"primaryImageOfPage\":{\"@id\":\"https:\/\/www.fishtankcoaching.com\/fr\/tool-sample-1\/#primaryimage\"},\"image\":{\"@id\":\"https:\/\/www.fishtankcoaching.com\/fr\/tool-sample-1\/#primaryimage\"},\"thumbnailUrl\":\"https:\/\/www.fishtankcoaching.com\/wp-content\/uploads\/2020\/12\/292-02.jpg\",\"datePublished\":\"2021-02-24T17:11:27+00:00\",\"dateModified\":\"2021-07-22T15:04:13+00:00\",\"breadcrumb\":{\"@id\":\"https:\/\/www.fishtankcoaching.com\/fr\/tool-sample-1\/#breadcrumb\"},\"inLanguage\":\"fr-FR\",\"potentialAction\":[{\"@type\":\"ReadAction\",\"target\":[\"https:\/\/www.fishtankcoaching.com\/fr\/tool-sample-1\/\"]}]},{\"@type\":\"ImageObject\",\"inLanguage\":\"fr-FR\",\"@id\":\"https:\/\/www.fishtankcoaching.com\/fr\/tool-sample-1\/#primaryimage\",\"url\":\"https:\/\/www.fishtankcoaching.com\/wp-content\/uploads\/2020\/12\/292-02.jpg\",\"contentUrl\":\"https:\/\/www.fishtankcoaching.com\/wp-content\/uploads\/2020\/12\/292-02.jpg\"},{\"@type\":\"BreadcrumbList\",\"@id\":\"https:\/\/www.fishtankcoaching.com\/fr\/tool-sample-1\/#breadcrumb\",\"itemListElement\":[{\"@type\":\"ListItem\",\"position\":1,\"name\":\"Home\",\"item\":\"https:\/\/www.fishtankcoaching.com\/\"},{\"@type\":\"ListItem\",\"position\":2,\"name\":\"Tool sample 1\"}]},{\"@type\":\"WebSite\",\"@id\":\"https:\/\/www.fishtankcoaching.com\/#website\",\"url\":\"https:\/\/www.fishtankcoaching.com\/\",\"name\":\"Fish Tank\",\"description\":\"\",\"publisher\":{\"@id\":\"https:\/\/www.fishtankcoaching.com\/#organization\"},\"potentialAction\":[{\"@type\":\"SearchAction\",\"target\":{\"@type\":\"EntryPoint\",\"urlTemplate\":\"https:\/\/www.fishtankcoaching.com\/?s={search_term_string}\"},\"query-input\":{\"@type\":\"PropertyValueSpecification\",\"valueRequired\":true,\"valueName\":\"search_term_string\"}}],\"inLanguage\":\"fr-FR\"},{\"@type\":\"Organization\",\"@id\":\"https:\/\/www.fishtankcoaching.com\/#organization\",\"name\":\"Morena Coaching International\",\"url\":\"https:\/\/www.fishtankcoaching.com\/\",\"logo\":{\"@type\":\"ImageObject\",\"inLanguage\":\"fr-FR\",\"@id\":\"https:\/\/www.fishtankcoaching.com\/#\/schema\/logo\/image\/\",\"url\":\"https:\/\/www.fishtank.francoiskaisin.com\/wp-content\/uploads\/2021\/06\/logo-morena-coaching-international.png\",\"contentUrl\":\"https:\/\/www.fishtank.francoiskaisin.com\/wp-content\/uploads\/2021\/06\/logo-morena-coaching-international.png\",\"width\":200,\"height\":100,\"caption\":\"Morena Coaching International\"},\"image\":{\"@id\":\"https:\/\/www.fishtankcoaching.com\/#\/schema\/logo\/image\/\"}}]}<\/script>\n<!-- \/ Yoast SEO plugin. -->","yoast_head_json":{"title":"Tool sample 1 - Fish Tank","robots":{"index":"index","follow":"follow","max-snippet":"max-snippet:-1","max-image-preview":"max-image-preview:large","max-video-preview":"max-video-preview:-1"},"canonical":"https:\/\/www.fishtankcoaching.com\/fr\/tool-sample-1\/","og_locale":"fr_FR","og_type":"article","og_title":"Tool sample 1 - Fish Tank","og_description":"ME PLANTEO UN OBJETIVO Ejemplo: Escribir un art\u00edculo para mi blog y ofrecerlo de manera gratuita a mis suscriptores para aumentar el n\u00famero de visitas en un 10% para el final de este mes.\u00a0 \u00bfHas escuchado de los objetivos SMART? Todo el tiempo estamos plante\u00e1ndonos objetivos para alcanzar algo que anhelamos, que nos ayudar\u00e1 a [&hellip;]","og_url":"https:\/\/www.fishtankcoaching.com\/fr\/tool-sample-1\/","og_site_name":"Fish Tank","article_modified_time":"2021-07-22T15:04:13+00:00","og_image":[{"url":"https:\/\/www.fishtankcoaching.com\/wp-content\/uploads\/2020\/12\/292-02.jpg","type":"","width":"","height":""}],"twitter_card":"summary_large_image","twitter_misc":{"Dur\u00e9e de lecture estim\u00e9e":"1 minute"},"schema":{"@context":"https:\/\/schema.org","@graph":[{"@type":"WebPage","@id":"https:\/\/www.fishtankcoaching.com\/fr\/tool-sample-1\/","url":"https:\/\/www.fishtankcoaching.com\/fr\/tool-sample-1\/","name":"Tool sample 1 - Fish Tank","isPartOf":{"@id":"https:\/\/www.fishtankcoaching.com\/#website"},"primaryImageOfPage":{"@id":"https:\/\/www.fishtankcoaching.com\/fr\/tool-sample-1\/#primaryimage"},"image":{"@id":"https:\/\/www.fishtankcoaching.com\/fr\/tool-sample-1\/#primaryimage"},"thumbnailUrl":"https:\/\/www.fishtankcoaching.com\/wp-content\/uploads\/2020\/12\/292-02.jpg","datePublished":"2021-02-24T17:11:27+00:00","dateModified":"2021-07-22T15:04:13+00:00","breadcrumb":{"@id":"https:\/\/www.fishtankcoaching.com\/fr\/tool-sample-1\/#breadcrumb"},"inLanguage":"fr-FR","potentialAction":[{"@type":"ReadAction","target":["https:\/\/www.fishtankcoaching.com\/fr\/tool-sample-1\/"]}]},{"@type":"ImageObject","inLanguage":"fr-FR","@id":"https:\/\/www.fishtankcoaching.com\/fr\/tool-sample-1\/#primaryimage","url":"https:\/\/www.fishtankcoaching.com\/wp-content\/uploads\/2020\/12\/292-02.jpg","contentUrl":"https:\/\/www.fishtankcoaching.com\/wp-content\/uploads\/2020\/12\/292-02.jpg"},{"@type":"BreadcrumbList","@id":"https:\/\/www.fishtankcoaching.com\/fr\/tool-sample-1\/#breadcrumb","itemListElement":[{"@type":"ListItem","position":1,"name":"Home","item":"https:\/\/www.fishtankcoaching.com\/"},{"@type":"ListItem","position":2,"name":"Tool sample 1"}]},{"@type":"WebSite","@id":"https:\/\/www.fishtankcoaching.com\/#website","url":"https:\/\/www.fishtankcoaching.com\/","name":"Fish Tank","description":"","publisher":{"@id":"https:\/\/www.fishtankcoaching.com\/#organization"},"potentialAction":[{"@type":"SearchAction","target":{"@type":"EntryPoint","urlTemplate":"https:\/\/www.fishtankcoaching.com\/?s={search_term_string}"},"query-input":{"@type":"PropertyValueSpecification","valueRequired":true,"valueName":"search_term_string"}}],"inLanguage":"fr-FR"},{"@type":"Organization","@id":"https:\/\/www.fishtankcoaching.com\/#organization","name":"Morena Coaching International","url":"https:\/\/www.fishtankcoaching.com\/","logo":{"@type":"ImageObject","inLanguage":"fr-FR","@id":"https:\/\/www.fishtankcoaching.com\/#\/schema\/logo\/image\/","url":"https:\/\/www.fishtank.francoiskaisin.com\/wp-content\/uploads\/2021\/06\/logo-morena-coaching-international.png","contentUrl":"https:\/\/www.fishtank.francoiskaisin.com\/wp-content\/uploads\/2021\/06\/logo-morena-coaching-international.png","width":200,"height":100,"caption":"Morena Coaching International"},"image":{"@id":"https:\/\/www.fishtankcoaching.com\/#\/schema\/logo\/image\/"}}]}},"_links":{"self":[{"href":"https:\/\/www.fishtankcoaching.com\/fr\/wp-json\/wp\/v2\/pages\/3487","targetHints":{"allow":["GET"]}}],"collection":[{"href":"https:\/\/www.fishtankcoaching.com\/fr\/wp-json\/wp\/v2\/pages"}],"about":[{"href":"https:\/\/www.fishtankcoaching.com\/fr\/wp-json\/wp\/v2\/types\/page"}],"author":[{"embeddable":true,"href":"https:\/\/www.fishtankcoaching.com\/fr\/wp-json\/wp\/v2\/users\/1"}],"replies":[{"embeddable":true,"href":"https:\/\/www.fishtankcoaching.com\/fr\/wp-json\/wp\/v2\/comments?post=3487"}],"version-history":[{"count":1,"href":"https:\/\/www.fishtankcoaching.com\/fr\/wp-json\/wp\/v2\/pages\/3487\/revisions"}],"predecessor-version":[{"id":9107,"href":"https:\/\/www.fishtankcoaching.com\/fr\/wp-json\/wp\/v2\/pages\/3487\/revisions\/9107"}],"wp:attachment":[{"href":"https:\/\/www.fishtankcoaching.com\/fr\/wp-json\/wp\/v2\/media?parent=3487"}],"curies":[{"name":"wp","href":"https:\/\/api.w.org\/{rel}","templated":true}]}}