{"id":2108,"date":"2021-01-22T10:56:46","date_gmt":"2021-01-22T10:56:46","guid":{"rendered":"https:\/\/www.fishtank.francoiskaisin.com\/account\/"},"modified":"2021-11-05T11:03:41","modified_gmt":"2021-11-05T10:03:41","slug":"account-clients","status":"publish","type":"page","link":"https:\/\/www.fishtankcoaching.com\/fr\/account-clients\/","title":{"rendered":"Account clients"},"content":{"rendered":"<div data-elementor-type=\"wp-page\" data-elementor-id=\"2108\" class=\"elementor elementor-2108\" data-elementor-post-type=\"page\">\n\t\t\t\t\t\t<section class=\"elementor-section elementor-top-section elementor-element elementor-element-5b2777e elementor-section-full_width elementor-section-content-middle elementor-section-height-default elementor-section-height-default\" data-id=\"5b2777e\" data-element_type=\"section\" data-e-type=\"section\" data-settings=\"{&quot;background_background&quot;:&quot;classic&quot;}\">\n\t\t\t\t\t\t<div class=\"elementor-container elementor-column-gap-default\">\n\t\t\t\t\t<div class=\"elementor-column elementor-col-100 elementor-top-column elementor-element elementor-element-a9f03d9\" data-id=\"a9f03d9\" data-element_type=\"column\" data-e-type=\"column\">\n\t\t\t<div class=\"elementor-widget-wrap elementor-element-populated\">\n\t\t\t\t\t\t<section class=\"elementor-section elementor-inner-section elementor-element elementor-element-cf33b87 elementor-section-boxed elementor-section-height-default elementor-section-height-default\" data-id=\"cf33b87\" data-element_type=\"section\" data-e-type=\"section\">\n\t\t\t\t\t\t<div class=\"elementor-container elementor-column-gap-default\">\n\t\t\t\t\t<div class=\"elementor-column elementor-col-33 elementor-inner-column elementor-element elementor-element-d820b77\" data-id=\"d820b77\" data-element_type=\"column\" data-e-type=\"column\" data-settings=\"{&quot;background_background&quot;:&quot;classic&quot;}\">\n\t\t\t<div class=\"elementor-widget-wrap elementor-element-populated\">\n\t\t\t\t\t\t<div class=\"elementor-element elementor-element-fad640d elementor-widget elementor-widget-image\" data-id=\"fad640d\" data-element_type=\"widget\" data-e-type=\"widget\" data-widget_type=\"image.default\">\n\t\t\t\t<div class=\"elementor-widget-container\">\n\t\t\t\t\t\t\t\t\t\t\t\t\t\t\t<img decoding=\"async\" src=\"https:\/\/secure.gravatar.com\/avatar\/?s=96&#038;d=mm&#038;r=g\" title=\"\" alt=\"\" loading=\"lazy\" \/>\t\t\t\t\t\t\t\t\t\t\t\t\t\t\t<\/div>\n\t\t\t\t<\/div>\n\t\t\t\t<div class=\"elementor-element elementor-element-ca520f9 elementor-align-center elementor-widget elementor-widget-button\" data-id=\"ca520f9\" data-element_type=\"widget\" data-e-type=\"widget\" data-widget_type=\"button.default\">\n\t\t\t\t<div class=\"elementor-widget-container\">\n\t\t\t\t\t\t\t\t\t<div class=\"elementor-button-wrapper\">\n\t\t\t\t\t<a class=\"elementor-button elementor-button-link elementor-size-sm\" href=\"https:\/\/www.fishtankcoaching.com\/fr\/edit-profile\/\" target=\"_blank\">\n\t\t\t\t\t\t<span class=\"elementor-button-content-wrapper\">\n\t\t\t\t\t\t\t\t\t<span class=\"elementor-button-text\">Modifier mon profil<\/span>\n\t\t\t\t\t<\/span>\n\t\t\t\t\t<\/a>\n\t\t\t\t<\/div>\n\t\t\t\t\t\t\t\t<\/div>\n\t\t\t\t<\/div>\n\t\t\t\t<div class=\"elementor-element elementor-element-02f0eec elementor-widget elementor-widget-heading\" data-id=\"02f0eec\" data-element_type=\"widget\" data-e-type=\"widget\" data-widget_type=\"heading.default\">\n\t\t\t\t<div class=\"elementor-widget-container\">\n\t\t\t\t\t<h2 class=\"elementor-heading-title elementor-size-default\">Bienvenu\u00b7e sur votre espace Fish Tank<\/h2>\t\t\t\t<\/div>\n\t\t\t\t<\/div>\n\t\t\t\t<div class=\"elementor-element elementor-element-138af37 elementor-widget elementor-widget-text-editor\" data-id=\"138af37\" data-element_type=\"widget\" data-e-type=\"widget\" data-widget_type=\"text-editor.default\">\n\t\t\t\t<div class=\"elementor-widget-container\">\n\t\t\t\t\t\t\t\t\t<p>Sur cette page, vous trouverez tout ce dont vous avez besoin pour tirer le meilleur parti de Fish Tank.<\/p>\t\t\t\t\t\t\t\t<\/div>\n\t\t\t\t<\/div>\n\t\t\t\t<div class=\"elementor-element elementor-element-54ebc84 elementor-widget elementor-widget-spacer\" data-id=\"54ebc84\" data-element_type=\"widget\" data-e-type=\"widget\" data-widget_type=\"spacer.default\">\n\t\t\t\t<div class=\"elementor-widget-container\">\n\t\t\t\t\t\t\t<div class=\"elementor-spacer\">\n\t\t\t<div class=\"elementor-spacer-inner\"><\/div>\n\t\t<\/div>\n\t\t\t\t\t\t<\/div>\n\t\t\t\t<\/div>\n\t\t\t\t<div class=\"elementor-element elementor-element-6c76d5b elementor-widget elementor-widget-heading\" data-id=\"6c76d5b\" data-element_type=\"widget\" data-e-type=\"widget\" data-widget_type=\"heading.default\">\n\t\t\t\t<div class=\"elementor-widget-container\">\n\t\t\t\t\t<h2 class=\"elementor-heading-title elementor-size-default\">Voulez-vous nous aider \u00e0 am\u00e9liorer nos services ?  Faites-nous savoir ce que vous en pensez.<\/h2>\t\t\t\t<\/div>\n\t\t\t\t<\/div>\n\t\t\t\t<div class=\"elementor-element elementor-element-bd37f8d elementor-align-center elementor-widget elementor-widget-button\" data-id=\"bd37f8d\" data-element_type=\"widget\" data-e-type=\"widget\" data-widget_type=\"button.default\">\n\t\t\t\t<div class=\"elementor-widget-container\">\n\t\t\t\t\t\t\t\t\t<div class=\"elementor-button-wrapper\">\n\t\t\t\t\t<a class=\"elementor-button elementor-button-link elementor-size-sm\" href=\"https:\/\/www.fishtankcoaching.com\/fr\/suggestions\/\" target=\"_blank\">\n\t\t\t\t\t\t<span class=\"elementor-button-content-wrapper\">\n\t\t\t\t\t\t\t\t\t<span class=\"elementor-button-text\">Suggestion<\/span>\n\t\t\t\t\t<\/span>\n\t\t\t\t\t<\/a>\n\t\t\t\t<\/div>\n\t\t\t\t\t\t\t\t<\/div>\n\t\t\t\t<\/div>\n\t\t\t\t\t<\/div>\n\t\t<\/div>\n\t\t\t\t<div class=\"elementor-column elementor-col-33 elementor-inner-column elementor-element elementor-element-4de1b6b\" data-id=\"4de1b6b\" data-element_type=\"column\" data-e-type=\"column\" data-settings=\"{&quot;background_background&quot;:&quot;classic&quot;}\">\n\t\t\t<div class=\"elementor-widget-wrap elementor-element-populated\">\n\t\t\t\t\t\t<div class=\"elementor-element elementor-element-1874eb6 elementor-cta--layout-image-above elementor-cta--valign-middle elementor-cta--skin-classic elementor-animated-content elementor-bg-transform elementor-bg-transform-zoom-in elementor-widget elementor-widget-call-to-action\" data-id=\"1874eb6\" data-element_type=\"widget\" data-e-type=\"widget\" data-widget_type=\"call-to-action.default\">\n\t\t\t\t<div class=\"elementor-widget-container\">\n\t\t\t\t\t\t\t<div class=\"elementor-cta\">\n\t\t\t\t\t<div class=\"elementor-cta__bg-wrapper\">\n\t\t\t\t<div class=\"elementor-cta__bg elementor-bg\" style=\"background-image: url(https:\/\/www.fishtankcoaching.com\/wp-content\/uploads\/2021\/09\/biblioteca.jpeg);\" role=\"img\" aria-label=\"biblioteca\"><\/div>\n\t\t\t\t<div class=\"elementor-cta__bg-overlay\"><\/div>\n\t\t\t<\/div>\n\t\t\t\t\t\t\t<div class=\"elementor-cta__content\">\n\t\t\t\t\n\t\t\t\t\t\t\t\t\t<h2 class=\"elementor-cta__title elementor-cta__content-item elementor-content-item\">\n\t\t\t\t\t\tMa m\u00e9diath\u00e8que d'outils\t\t\t\t\t<\/h2>\n\t\t\t\t\n\t\t\t\t\t\t\t\t\t<div class=\"elementor-cta__description elementor-cta__content-item elementor-content-item\">\n\t\t\t\t\t\tTrouver des centaines de ressources multim\u00e9dias pour le travail entre s\u00e9ances \t\t\t\t\t<\/div>\n\t\t\t\t\n\t\t\t\t\t\t\t\t\t<div class=\"elementor-cta__button-wrapper elementor-cta__content-item elementor-content-item\">\n\t\t\t\t\t<a class=\"elementor-cta__button elementor-button elementor-size-\" href=\"https:\/\/www.fishtankcoaching.com\/fr\/media-library-in\/\" target=\"_blank\">\n\t\t\t\t\t\tExplorer la m\u00e9diath\u00e8que\t\t\t\t\t<\/a>\n\t\t\t\t\t<\/div>\n\t\t\t\t\t\t\t<\/div>\n\t\t\t\t\t\t<\/div>\n\t\t\t\t\t\t<\/div>\n\t\t\t\t<\/div>\n\t\t\t\t<div class=\"elementor-element elementor-element-86250e5 elementor-cta--layout-image-above elementor-cta--valign-middle elementor-cta--skin-classic elementor-animated-content elementor-bg-transform elementor-bg-transform-zoom-in elementor-widget elementor-widget-call-to-action\" data-id=\"86250e5\" data-element_type=\"widget\" data-e-type=\"widget\" data-widget_type=\"call-to-action.default\">\n\t\t\t\t<div class=\"elementor-widget-container\">\n\t\t\t\t\t\t\t<div class=\"elementor-cta\">\n\t\t\t\t\t<div class=\"elementor-cta__bg-wrapper\">\n\t\t\t\t<div class=\"elementor-cta__bg elementor-bg\" style=\"background-image: url(https:\/\/www.fishtankcoaching.com\/wp-content\/uploads\/2021\/09\/pexels-photo-5939401.jpeg);\" role=\"img\" aria-label=\"pexels-photo-5939401\"><\/div>\n\t\t\t\t<div class=\"elementor-cta__bg-overlay\"><\/div>\n\t\t\t<\/div>\n\t\t\t\t\t\t\t<div class=\"elementor-cta__content\">\n\t\t\t\t\n\t\t\t\t\t\t\t\t\t<h2 class=\"elementor-cta__title elementor-cta__content-item elementor-content-item\">\n\t\t\t\t\t\tMes outils pr\u00e9f\u00e9r\u00e9s\t\t\t\t\t<\/h2>\n\t\t\t\t\n\t\t\t\t\t\t\t\t\t<div class=\"elementor-cta__description elementor-cta__content-item elementor-content-item\">\n\t\t\t\t\t\tSauvegardez vos contenus pr\u00e9f\u00e9r\u00e9s dans la m\u00e9diath\u00e8que\t\t\t\t\t<\/div>\n\t\t\t\t\n\t\t\t\t\t\t\t\t\t<div class=\"elementor-cta__button-wrapper elementor-cta__content-item elementor-content-item\">\n\t\t\t\t\t<a class=\"elementor-cta__button elementor-button elementor-size-\" href=\"https:\/\/www.fishtankcoaching.com\/fr\/mybookmarks\/\" target=\"_blank\">\n\t\t\t\t\t\tMa s\u00e9lection\t\t\t\t\t<\/a>\n\t\t\t\t\t<\/div>\n\t\t\t\t\t\t\t<\/div>\n\t\t\t\t\t\t<\/div>\n\t\t\t\t\t\t<\/div>\n\t\t\t\t<\/div>\n\t\t\t\t\t<\/div>\n\t\t<\/div>\n\t\t\t\t<div class=\"elementor-column elementor-col-33 elementor-inner-column elementor-element elementor-element-9cdf482\" data-id=\"9cdf482\" data-element_type=\"column\" data-e-type=\"column\" data-settings=\"{&quot;background_background&quot;:&quot;classic&quot;}\">\n\t\t\t<div class=\"elementor-widget-wrap elementor-element-populated\">\n\t\t\t\t\t\t<div class=\"elementor-element elementor-element-1e2755b elementor-cta--layout-image-above elementor-cta--valign-middle elementor-cta--skin-classic elementor-animated-content elementor-bg-transform elementor-bg-transform-zoom-in elementor-widget elementor-widget-call-to-action\" data-id=\"1e2755b\" data-element_type=\"widget\" data-e-type=\"widget\" data-widget_type=\"call-to-action.default\">\n\t\t\t\t<div class=\"elementor-widget-container\">\n\t\t\t\t\t\t\t<div class=\"elementor-cta\">\n\t\t\t\t\t<div class=\"elementor-cta__bg-wrapper\">\n\t\t\t\t<div class=\"elementor-cta__bg elementor-bg\" style=\"background-image: url(https:\/\/www.fishtankcoaching.com\/wp-content\/uploads\/2021\/09\/Preparacion-coaching-scaled.jpg);\" role=\"img\" aria-label=\"Preparacion coaching\"><\/div>\n\t\t\t\t<div class=\"elementor-cta__bg-overlay\"><\/div>\n\t\t\t<\/div>\n\t\t\t\t\t\t\t<div class=\"elementor-cta__content\">\n\t\t\t\t\n\t\t\t\t\t\t\t\t\t<h2 class=\"elementor-cta__title elementor-cta__content-item elementor-content-item\">\n\t\t\t\t\t\tMes pr\u00e9parations pour les s\u00e9ances\t\t\t\t\t<\/h2>\n\t\t\t\t\n\t\t\t\t\t\t\t\t\t<div class=\"elementor-cta__description elementor-cta__content-item elementor-content-item\">\n\t\t\t\t\t\tHistorique de vos rapports de pr\u00e9paration \t\t\t\t\t<\/div>\n\t\t\t\t\n\t\t\t\t\t\t\t\t\t<div class=\"elementor-cta__button-wrapper elementor-cta__content-item elementor-content-item\">\n\t\t\t\t\t<a class=\"elementor-cta__button elementor-button elementor-size-\" href=\"https:\/\/www.fishtankcoaching.com\/fr\/entries-client-preparation\/\" target=\"_blank\">\n\t\t\t\t\t\tMes pr\u00e9parations\t\t\t\t\t<\/a>\n\t\t\t\t\t<\/div>\n\t\t\t\t\t\t\t<\/div>\n\t\t\t\t\t\t<\/div>\n\t\t\t\t\t\t<\/div>\n\t\t\t\t<\/div>\n\t\t\t\t<div class=\"elementor-element elementor-element-fb45351 elementor-cta--layout-image-above elementor-cta--valign-middle elementor-cta--skin-classic elementor-animated-content elementor-bg-transform elementor-bg-transform-zoom-in elementor-widget elementor-widget-call-to-action\" data-id=\"fb45351\" data-element_type=\"widget\" data-e-type=\"widget\" data-widget_type=\"call-to-action.default\">\n\t\t\t\t<div class=\"elementor-widget-container\">\n\t\t\t\t\t\t\t<div class=\"elementor-cta\">\n\t\t\t\t\t<div class=\"elementor-cta__bg-wrapper\">\n\t\t\t\t<div class=\"elementor-cta__bg elementor-bg\" style=\"background-image: url(https:\/\/www.fishtankcoaching.com\/wp-content\/uploads\/2021\/09\/Archivos-coaching-scaled.jpg);\" role=\"img\" aria-label=\"Archivos coaching\"><\/div>\n\t\t\t\t<div class=\"elementor-cta__bg-overlay\"><\/div>\n\t\t\t<\/div>\n\t\t\t\t\t\t\t<div class=\"elementor-cta__content\">\n\t\t\t\t\n\t\t\t\t\t\t\t\t\t<h2 class=\"elementor-cta__title elementor-cta__content-item elementor-content-item\">\n\t\t\t\t\t\tManuels d'utilisation et documents\t\t\t\t\t<\/h2>\n\t\t\t\t\n\t\t\t\t\t\t\t\t\t<div class=\"elementor-cta__description elementor-cta__content-item elementor-content-item\">\n\t\t\t\t\t\tDocuments envoy\u00e9s par l'administration de Fish Tank.\t\t\t\t\t<\/div>\n\t\t\t\t\n\t\t\t\t\t\t\t\t\t<div class=\"elementor-cta__button-wrapper elementor-cta__content-item elementor-content-item\">\n\t\t\t\t\t<a class=\"elementor-cta__button elementor-button elementor-size-\" href=\"https:\/\/www.fishtankcoaching.com\/fr\/customer-area\/archivos\/mis-archivos\/\" target=\"_blank\">\n\t\t\t\t\t\tDocuments partag\u00e9s\t\t\t\t\t<\/a>\n\t\t\t\t\t<\/div>\n\t\t\t\t\t\t\t<\/div>\n\t\t\t\t\t\t<\/div>\n\t\t\t\t\t\t<\/div>\n\t\t\t\t<\/div>\n\t\t\t\t\t<\/div>\n\t\t<\/div>\n\t\t\t\t\t<\/div>\n\t\t<\/section>\n\t\t\t\t\t<\/div>\n\t\t<\/div>\n\t\t\t\t\t<\/div>\n\t\t<\/section>\n\t\t\t\t<\/div>","protected":false},"excerpt":{"rendered":"<p>Editar mi perfil Bienvenido(a) a tu espacio personal En esta p\u00e1gina encontrar\u00e1s todo lo que necesitas para sacar el m\u00e1ximo provecho de tu programa en Fish Tank \u00bfQuieres ayudarnos a mejorar nuestros servicios? D\u00e9janos saber tu opini\u00f3n. Sugerencia Mi mediateca de herramientas Encuentra cientos de recursos multimedia para el trabajo entre sesiones Explorar Mediateca Mis [&hellip;]<\/p>\n","protected":false},"author":1,"featured_media":0,"parent":0,"menu_order":0,"comment_status":"closed","ping_status":"closed","template":"elementor_header_footer","meta":{"_mo_disable_npp":"","ocean_post_layout":"","ocean_both_sidebars_style":"","ocean_both_sidebars_content_width":0,"ocean_both_sidebars_sidebars_width":0,"ocean_sidebar":"0","ocean_second_sidebar":"0","ocean_disable_margins":"enable","ocean_add_body_class":"","ocean_shortcode_before_top_bar":"","ocean_shortcode_after_top_bar":"","ocean_shortcode_before_header":"","ocean_shortcode_after_header":"","ocean_has_shortcode":"","ocean_shortcode_after_title":"","ocean_shortcode_before_footer_widgets":"","ocean_shortcode_after_footer_widgets":"","ocean_shortcode_before_footer_bottom":"","ocean_shortcode_after_footer_bottom":"","ocean_display_top_bar":"off","ocean_display_header":"on","ocean_header_style":"custom","ocean_center_header_left_menu":"0","ocean_custom_header_template":"0","ocean_custom_logo":0,"ocean_custom_retina_logo":0,"ocean_custom_logo_max_width":0,"ocean_custom_logo_tablet_max_width":0,"ocean_custom_logo_mobile_max_width":0,"ocean_custom_logo_max_height":0,"ocean_custom_logo_tablet_max_height":0,"ocean_custom_logo_mobile_max_height":0,"ocean_header_custom_menu":"0","ocean_menu_typo_font_family":"0","ocean_menu_typo_font_subset":"","ocean_menu_typo_font_size":0,"ocean_menu_typo_font_size_tablet":0,"ocean_menu_typo_font_size_mobile":0,"ocean_menu_typo_font_size_unit":"px","ocean_menu_typo_font_weight":"","ocean_menu_typo_font_weight_tablet":"","ocean_menu_typo_font_weight_mobile":"","ocean_menu_typo_transform":"","ocean_menu_typo_transform_tablet":"","ocean_menu_typo_transform_mobile":"","ocean_menu_typo_line_height":0,"ocean_menu_typo_line_height_tablet":0,"ocean_menu_typo_line_height_mobile":0,"ocean_menu_typo_line_height_unit":"","ocean_menu_typo_spacing":0,"ocean_menu_typo_spacing_tablet":0,"ocean_menu_typo_spacing_mobile":0,"ocean_menu_typo_spacing_unit":"","ocean_menu_link_color":"","ocean_menu_link_color_hover":"","ocean_menu_link_color_active":"","ocean_menu_link_background":"","ocean_menu_link_hover_background":"","ocean_menu_link_active_background":"","ocean_menu_social_links_bg":"","ocean_menu_social_hover_links_bg":"","ocean_menu_social_links_color":"","ocean_menu_social_hover_links_color":"","ocean_disable_title":"on","ocean_disable_heading":"default","ocean_post_title":"","ocean_post_subheading":"","ocean_post_title_style":"","ocean_post_title_background_color":"","ocean_post_title_background":0,"ocean_post_title_bg_image_position":"","ocean_post_title_bg_image_attachment":"","ocean_post_title_bg_image_repeat":"","ocean_post_title_bg_image_size":"","ocean_post_title_height":0,"ocean_post_title_bg_overlay":0.5,"ocean_post_title_bg_overlay_color":"","ocean_disable_breadcrumbs":"default","ocean_breadcrumbs_color":"","ocean_breadcrumbs_separator_color":"","ocean_breadcrumbs_links_color":"","ocean_breadcrumbs_links_hover_color":"","ocean_display_footer_widgets":"off","ocean_display_footer_bottom":"off","ocean_custom_footer_template":"0","footnotes":""},"class_list":["post-2108","page","type-page","status-publish","hentry","entry"],"yoast_head":"<!-- This site is optimized with the Yoast SEO plugin v26.8 - https:\/\/yoast.com\/product\/yoast-seo-wordpress\/ -->\n<title>Account clients - Fish Tank<\/title>\n<meta name=\"robots\" content=\"index, follow, max-snippet:-1, max-image-preview:large, max-video-preview:-1\" \/>\n<link rel=\"canonical\" href=\"https:\/\/www.fishtankcoaching.com\/fr\/account-clients\/\" \/>\n<meta property=\"og:locale\" content=\"fr_FR\" \/>\n<meta property=\"og:type\" content=\"article\" \/>\n<meta property=\"og:title\" content=\"Account clients - Fish Tank\" \/>\n<meta property=\"og:description\" content=\"Editar mi perfil Bienvenido(a) a tu espacio personal En esta p\u00e1gina encontrar\u00e1s todo lo que necesitas para sacar el m\u00e1ximo provecho de tu programa en Fish Tank \u00bfQuieres ayudarnos a mejorar nuestros servicios? D\u00e9janos saber tu opini\u00f3n. Sugerencia Mi mediateca de herramientas Encuentra cientos de recursos multimedia para el trabajo entre sesiones Explorar Mediateca Mis [&hellip;]\" \/>\n<meta property=\"og:url\" content=\"https:\/\/www.fishtankcoaching.com\/fr\/account-clients\/\" \/>\n<meta property=\"og:site_name\" content=\"Fish Tank\" \/>\n<meta property=\"article:modified_time\" content=\"2021-11-05T10:03:41+00:00\" \/>\n<meta property=\"og:image\" content=\"https:\/\/www.fishtankcoaching.com\/wp-content\/uploads\/2020\/11\/Logotipo-Fish-Tank-01.png\" \/>\n\t<meta property=\"og:image:width\" content=\"842\" \/>\n\t<meta property=\"og:image:height\" content=\"596\" \/>\n\t<meta property=\"og:image:type\" content=\"image\/png\" \/>\n<meta name=\"twitter:card\" content=\"summary_large_image\" \/>\n<meta name=\"twitter:label1\" content=\"Dur\u00e9e de lecture estim\u00e9e\" \/>\n\t<meta name=\"twitter:data1\" content=\"1 minute\" \/>\n<script type=\"application\/ld+json\" class=\"yoast-schema-graph\">{\"@context\":\"https:\/\/schema.org\",\"@graph\":[{\"@type\":\"WebPage\",\"@id\":\"https:\/\/www.fishtankcoaching.com\/account-clients\/\",\"url\":\"https:\/\/www.fishtankcoaching.com\/account-clients\/\",\"name\":\"Account clients - Fish Tank\",\"isPartOf\":{\"@id\":\"https:\/\/www.fishtankcoaching.com\/#website\"},\"datePublished\":\"2021-01-22T10:56:46+00:00\",\"dateModified\":\"2021-11-05T10:03:41+00:00\",\"breadcrumb\":{\"@id\":\"https:\/\/www.fishtankcoaching.com\/account-clients\/#breadcrumb\"},\"inLanguage\":\"fr-FR\",\"potentialAction\":[{\"@type\":\"ReadAction\",\"target\":[\"https:\/\/www.fishtankcoaching.com\/account-clients\/\"]}]},{\"@type\":\"BreadcrumbList\",\"@id\":\"https:\/\/www.fishtankcoaching.com\/account-clients\/#breadcrumb\",\"itemListElement\":[{\"@type\":\"ListItem\",\"position\":1,\"name\":\"Home\",\"item\":\"https:\/\/www.fishtankcoaching.com\/\"},{\"@type\":\"ListItem\",\"position\":2,\"name\":\"Account clients\"}]},{\"@type\":\"WebSite\",\"@id\":\"https:\/\/www.fishtankcoaching.com\/#website\",\"url\":\"https:\/\/www.fishtankcoaching.com\/\",\"name\":\"Fish Tank\",\"description\":\"\",\"publisher\":{\"@id\":\"https:\/\/www.fishtankcoaching.com\/#organization\"},\"potentialAction\":[{\"@type\":\"SearchAction\",\"target\":{\"@type\":\"EntryPoint\",\"urlTemplate\":\"https:\/\/www.fishtankcoaching.com\/?s={search_term_string}\"},\"query-input\":{\"@type\":\"PropertyValueSpecification\",\"valueRequired\":true,\"valueName\":\"search_term_string\"}}],\"inLanguage\":\"fr-FR\"},{\"@type\":\"Organization\",\"@id\":\"https:\/\/www.fishtankcoaching.com\/#organization\",\"name\":\"Morena Coaching International\",\"url\":\"https:\/\/www.fishtankcoaching.com\/\",\"logo\":{\"@type\":\"ImageObject\",\"inLanguage\":\"fr-FR\",\"@id\":\"https:\/\/www.fishtankcoaching.com\/#\/schema\/logo\/image\/\",\"url\":\"https:\/\/www.fishtank.francoiskaisin.com\/wp-content\/uploads\/2021\/06\/logo-morena-coaching-international.png\",\"contentUrl\":\"https:\/\/www.fishtank.francoiskaisin.com\/wp-content\/uploads\/2021\/06\/logo-morena-coaching-international.png\",\"width\":200,\"height\":100,\"caption\":\"Morena Coaching International\"},\"image\":{\"@id\":\"https:\/\/www.fishtankcoaching.com\/#\/schema\/logo\/image\/\"}}]}<\/script>\n<!-- \/ Yoast SEO plugin. -->","yoast_head_json":{"title":"Account clients - Fish Tank","robots":{"index":"index","follow":"follow","max-snippet":"max-snippet:-1","max-image-preview":"max-image-preview:large","max-video-preview":"max-video-preview:-1"},"canonical":"https:\/\/www.fishtankcoaching.com\/fr\/account-clients\/","og_locale":"fr_FR","og_type":"article","og_title":"Account clients - Fish Tank","og_description":"Editar mi perfil Bienvenido(a) a tu espacio personal En esta p\u00e1gina encontrar\u00e1s todo lo que necesitas para sacar el m\u00e1ximo provecho de tu programa en Fish Tank \u00bfQuieres ayudarnos a mejorar nuestros servicios? D\u00e9janos saber tu opini\u00f3n. Sugerencia Mi mediateca de herramientas Encuentra cientos de recursos multimedia para el trabajo entre sesiones Explorar Mediateca Mis [&hellip;]","og_url":"https:\/\/www.fishtankcoaching.com\/fr\/account-clients\/","og_site_name":"Fish Tank","article_modified_time":"2021-11-05T10:03:41+00:00","og_image":[{"width":842,"height":596,"url":"https:\/\/www.fishtankcoaching.com\/wp-content\/uploads\/2020\/11\/Logotipo-Fish-Tank-01.png","type":"image\/png"}],"twitter_card":"summary_large_image","twitter_misc":{"Dur\u00e9e de lecture estim\u00e9e":"1 minute"},"schema":{"@context":"https:\/\/schema.org","@graph":[{"@type":"WebPage","@id":"https:\/\/www.fishtankcoaching.com\/account-clients\/","url":"https:\/\/www.fishtankcoaching.com\/account-clients\/","name":"Account clients - Fish Tank","isPartOf":{"@id":"https:\/\/www.fishtankcoaching.com\/#website"},"datePublished":"2021-01-22T10:56:46+00:00","dateModified":"2021-11-05T10:03:41+00:00","breadcrumb":{"@id":"https:\/\/www.fishtankcoaching.com\/account-clients\/#breadcrumb"},"inLanguage":"fr-FR","potentialAction":[{"@type":"ReadAction","target":["https:\/\/www.fishtankcoaching.com\/account-clients\/"]}]},{"@type":"BreadcrumbList","@id":"https:\/\/www.fishtankcoaching.com\/account-clients\/#breadcrumb","itemListElement":[{"@type":"ListItem","position":1,"name":"Home","item":"https:\/\/www.fishtankcoaching.com\/"},{"@type":"ListItem","position":2,"name":"Account clients"}]},{"@type":"WebSite","@id":"https:\/\/www.fishtankcoaching.com\/#website","url":"https:\/\/www.fishtankcoaching.com\/","name":"Fish Tank","description":"","publisher":{"@id":"https:\/\/www.fishtankcoaching.com\/#organization"},"potentialAction":[{"@type":"SearchAction","target":{"@type":"EntryPoint","urlTemplate":"https:\/\/www.fishtankcoaching.com\/?s={search_term_string}"},"query-input":{"@type":"PropertyValueSpecification","valueRequired":true,"valueName":"search_term_string"}}],"inLanguage":"fr-FR"},{"@type":"Organization","@id":"https:\/\/www.fishtankcoaching.com\/#organization","name":"Morena Coaching International","url":"https:\/\/www.fishtankcoaching.com\/","logo":{"@type":"ImageObject","inLanguage":"fr-FR","@id":"https:\/\/www.fishtankcoaching.com\/#\/schema\/logo\/image\/","url":"https:\/\/www.fishtank.francoiskaisin.com\/wp-content\/uploads\/2021\/06\/logo-morena-coaching-international.png","contentUrl":"https:\/\/www.fishtank.francoiskaisin.com\/wp-content\/uploads\/2021\/06\/logo-morena-coaching-international.png","width":200,"height":100,"caption":"Morena Coaching International"},"image":{"@id":"https:\/\/www.fishtankcoaching.com\/#\/schema\/logo\/image\/"}}]}},"_links":{"self":[{"href":"https:\/\/www.fishtankcoaching.com\/fr\/wp-json\/wp\/v2\/pages\/2108","targetHints":{"allow":["GET"]}}],"collection":[{"href":"https:\/\/www.fishtankcoaching.com\/fr\/wp-json\/wp\/v2\/pages"}],"about":[{"href":"https:\/\/www.fishtankcoaching.com\/fr\/wp-json\/wp\/v2\/types\/page"}],"author":[{"embeddable":true,"href":"https:\/\/www.fishtankcoaching.com\/fr\/wp-json\/wp\/v2\/users\/1"}],"replies":[{"embeddable":true,"href":"https:\/\/www.fishtankcoaching.com\/fr\/wp-json\/wp\/v2\/comments?post=2108"}],"version-history":[{"count":124,"href":"https:\/\/www.fishtankcoaching.com\/fr\/wp-json\/wp\/v2\/pages\/2108\/revisions"}],"predecessor-version":[{"id":11263,"href":"https:\/\/www.fishtankcoaching.com\/fr\/wp-json\/wp\/v2\/pages\/2108\/revisions\/11263"}],"wp:attachment":[{"href":"https:\/\/www.fishtankcoaching.com\/fr\/wp-json\/wp\/v2\/media?parent=2108"}],"curies":[{"name":"wp","href":"https:\/\/api.w.org\/{rel}","templated":true}]}}